{"id":7,"date":"2016-10-07T00:41:44","date_gmt":"2016-10-06T22:41:44","guid":{"rendered":"https:\/\/www.gamon.es\/en\/?page_id=7"},"modified":"2025-07-08T09:28:10","modified_gmt":"2025-07-08T07:28:10","slug":"company","status":"publish","type":"page","link":"https:\/\/www.gamon.es\/en\/company\/","title":{"rendered":"Company"},"content":{"rendered":"<p>Our company, Pl\u00e1sticos Gam\u00f3n, was founded in 1965 by Mr. Fernando Garc\u00eda Gam\u00f3n and Mr. Manuel S. Garc\u00eda Gam\u00f3n. Right from the start, due to the company&#8217;s location in Burjasot, there existed a connection with a significant number of the most prestigious pyrotechnic companies in Valencia, many of which were situated in neighboring towns like Godella, Moncada, and so forth.<\/p>\n<p>Throughout the years, with the aim of researching and creating new products that would enhance manufacturing systems and primarily, safety in pyrotechnic devices, numerous pieces were developed, tailored to all calibers and the various uses by pyrotechnicians. The goal was to uphold traditional manufacturing methods while incorporating the latest technological advancements year after year.<\/p>\n<p>For over a decade now, the company has been under the full integration of the second family generation, taking the reins of the business, which currently boasts more than 25 employees and facilities spanning over 3000 square meters.<\/p>\n<p>Countries such as Germany, Sweden, the United States, Mexico, Portugal, France, Italy, and England are among those to which our products are exported.<\/p>\n<p>With over 60 valid patents and an average of 4 new ones each year, our Research and Development department is supported by our ongoing commitment to innovation. Every day, we continue to work towards maintaining our company as an international leader in pyrotechnic packaging manufacturing.<\/p>\n","protected":false},"excerpt":{"rendered":"<p>Our company, Pl\u00e1sticos Gam\u00f3n, was founded in 1965 by Mr. Fernando Garc\u00eda Gam\u00f3n and Mr. Manuel S. Garc\u00eda Gam\u00f3n. Right from the start, due to the company&#8217;s location in Burjasot, there existed a connection with a significant number of the most prestigious pyrotechnic companies in Valencia, many of which were situated in neighboring towns like  <a href=\"https:\/\/www.gamon.es\/en\/company\/\" class=\"read-more\">&hellip;<\/a><\/p>\n","protected":false},"author":1,"featured_media":112,"parent":0,"menu_order":20,"comment_status":"closed","ping_status":"closed","template":"page-templates\/photo-right.php","meta":{"footnotes":""},"class_list":["post-7","page","type-page","status-publish","has-post-thumbnail","hentry"],"yoast_head":"<!-- This site is optimized with the Yoast SEO plugin v27.2 - https:\/\/yoast.com\/product\/yoast-seo-wordpress\/ -->\n<title>Company - Gam\u00f3n<\/title>\n<meta name=\"robots\" content=\"index, follow, max-snippet:-1, max-image-preview:large, max-video-preview:-1\" \/>\n<link rel=\"canonical\" href=\"https:\/\/www.gamon.es\/en\/company\/\" \/>\n<meta property=\"og:locale\" content=\"en_US\" \/>\n<meta property=\"og:type\" content=\"article\" \/>\n<meta property=\"og:title\" content=\"Company - Gam\u00f3n\" \/>\n<meta property=\"og:description\" content=\"Our company, Pl\u00e1sticos Gam\u00f3n, was founded in 1965 by Mr. Fernando Garc\u00eda Gam\u00f3n and Mr. Manuel S. Garc\u00eda Gam\u00f3n. Right from the start, due to the company&#8217;s location in Burjasot, there existed a connection with a significant number of the most prestigious pyrotechnic companies in Valencia, many of which were situated in neighboring towns like &hellip;\" \/>\n<meta property=\"og:url\" content=\"https:\/\/www.gamon.es\/en\/company\/\" \/>\n<meta property=\"og:site_name\" content=\"Gam\u00f3n\" \/>\n<meta property=\"article:modified_time\" content=\"2025-07-08T07:28:10+00:00\" \/>\n<meta property=\"og:image\" content=\"https:\/\/www.gamon.es\/en\/wp-content\/uploads\/sites\/2\/2016\/10\/caricatura.jpg\" \/>\n\t<meta property=\"og:image:width\" content=\"462\" \/>\n\t<meta property=\"og:image:height\" content=\"486\" \/>\n\t<meta property=\"og:image:type\" content=\"image\/jpeg\" \/>\n<meta name=\"twitter:card\" content=\"summary_large_image\" \/>\n<meta name=\"twitter:label1\" content=\"Est. reading time\" \/>\n\t<meta name=\"twitter:data1\" content=\"1 minute\" \/>\n<script type=\"application\/ld+json\" class=\"yoast-schema-graph\">{\"@context\":\"https:\/\/schema.org\",\"@graph\":[{\"@type\":\"WebPage\",\"@id\":\"https:\/\/www.gamon.es\/en\/company\/\",\"url\":\"https:\/\/www.gamon.es\/en\/company\/\",\"name\":\"Company - Gam\u00f3n\",\"isPartOf\":{\"@id\":\"https:\/\/www.gamon.es\/en\/#website\"},\"primaryImageOfPage\":{\"@id\":\"https:\/\/www.gamon.es\/en\/company\/#primaryimage\"},\"image\":{\"@id\":\"https:\/\/www.gamon.es\/en\/company\/#primaryimage\"},\"thumbnailUrl\":\"https:\/\/www.gamon.es\/en\/wp-content\/uploads\/sites\/2\/2016\/10\/caricatura.jpg\",\"datePublished\":\"2016-10-06T22:41:44+00:00\",\"dateModified\":\"2025-07-08T07:28:10+00:00\",\"breadcrumb\":{\"@id\":\"https:\/\/www.gamon.es\/en\/company\/#breadcrumb\"},\"inLanguage\":\"en-US\",\"potentialAction\":[{\"@type\":\"ReadAction\",\"target\":[\"https:\/\/www.gamon.es\/en\/company\/\"]}]},{\"@type\":\"ImageObject\",\"inLanguage\":\"en-US\",\"@id\":\"https:\/\/www.gamon.es\/en\/company\/#primaryimage\",\"url\":\"https:\/\/www.gamon.es\/en\/wp-content\/uploads\/sites\/2\/2016\/10\/caricatura.jpg\",\"contentUrl\":\"https:\/\/www.gamon.es\/en\/wp-content\/uploads\/sites\/2\/2016\/10\/caricatura.jpg\",\"width\":462,\"height\":486},{\"@type\":\"BreadcrumbList\",\"@id\":\"https:\/\/www.gamon.es\/en\/company\/#breadcrumb\",\"itemListElement\":[{\"@type\":\"ListItem\",\"position\":1,\"name\":\"Portada\",\"item\":\"https:\/\/www.gamon.es\/en\/\"},{\"@type\":\"ListItem\",\"position\":2,\"name\":\"Company\"}]},{\"@type\":\"WebSite\",\"@id\":\"https:\/\/www.gamon.es\/en\/#website\",\"url\":\"https:\/\/www.gamon.es\/en\/\",\"name\":\"Gam\u00f3n\",\"description\":\"Manufacturer Pl\u00e1sticos Gam\u00f3n, products for pyrotechnics\",\"potentialAction\":[{\"@type\":\"SearchAction\",\"target\":{\"@type\":\"EntryPoint\",\"urlTemplate\":\"https:\/\/www.gamon.es\/en\/?s={search_term_string}\"},\"query-input\":{\"@type\":\"PropertyValueSpecification\",\"valueRequired\":true,\"valueName\":\"search_term_string\"}}],\"inLanguage\":\"en-US\"}]}<\/script>\n<!-- \/ Yoast SEO plugin. -->","yoast_head_json":{"title":"Company - Gam\u00f3n","robots":{"index":"index","follow":"follow","max-snippet":"max-snippet:-1","max-image-preview":"max-image-preview:large","max-video-preview":"max-video-preview:-1"},"canonical":"https:\/\/www.gamon.es\/en\/company\/","og_locale":"en_US","og_type":"article","og_title":"Company - Gam\u00f3n","og_description":"Our company, Pl\u00e1sticos Gam\u00f3n, was founded in 1965 by Mr. Fernando Garc\u00eda Gam\u00f3n and Mr. Manuel S. Garc\u00eda Gam\u00f3n. Right from the start, due to the company&#8217;s location in Burjasot, there existed a connection with a significant number of the most prestigious pyrotechnic companies in Valencia, many of which were situated in neighboring towns like &hellip;","og_url":"https:\/\/www.gamon.es\/en\/company\/","og_site_name":"Gam\u00f3n","article_modified_time":"2025-07-08T07:28:10+00:00","og_image":[{"width":462,"height":486,"url":"https:\/\/www.gamon.es\/en\/wp-content\/uploads\/sites\/2\/2016\/10\/caricatura.jpg","type":"image\/jpeg"}],"twitter_card":"summary_large_image","twitter_misc":{"Est. reading time":"1 minute"},"schema":{"@context":"https:\/\/schema.org","@graph":[{"@type":"WebPage","@id":"https:\/\/www.gamon.es\/en\/company\/","url":"https:\/\/www.gamon.es\/en\/company\/","name":"Company - Gam\u00f3n","isPartOf":{"@id":"https:\/\/www.gamon.es\/en\/#website"},"primaryImageOfPage":{"@id":"https:\/\/www.gamon.es\/en\/company\/#primaryimage"},"image":{"@id":"https:\/\/www.gamon.es\/en\/company\/#primaryimage"},"thumbnailUrl":"https:\/\/www.gamon.es\/en\/wp-content\/uploads\/sites\/2\/2016\/10\/caricatura.jpg","datePublished":"2016-10-06T22:41:44+00:00","dateModified":"2025-07-08T07:28:10+00:00","breadcrumb":{"@id":"https:\/\/www.gamon.es\/en\/company\/#breadcrumb"},"inLanguage":"en-US","potentialAction":[{"@type":"ReadAction","target":["https:\/\/www.gamon.es\/en\/company\/"]}]},{"@type":"ImageObject","inLanguage":"en-US","@id":"https:\/\/www.gamon.es\/en\/company\/#primaryimage","url":"https:\/\/www.gamon.es\/en\/wp-content\/uploads\/sites\/2\/2016\/10\/caricatura.jpg","contentUrl":"https:\/\/www.gamon.es\/en\/wp-content\/uploads\/sites\/2\/2016\/10\/caricatura.jpg","width":462,"height":486},{"@type":"BreadcrumbList","@id":"https:\/\/www.gamon.es\/en\/company\/#breadcrumb","itemListElement":[{"@type":"ListItem","position":1,"name":"Portada","item":"https:\/\/www.gamon.es\/en\/"},{"@type":"ListItem","position":2,"name":"Company"}]},{"@type":"WebSite","@id":"https:\/\/www.gamon.es\/en\/#website","url":"https:\/\/www.gamon.es\/en\/","name":"Gam\u00f3n","description":"Manufacturer Pl\u00e1sticos Gam\u00f3n, products for pyrotechnics","potentialAction":[{"@type":"SearchAction","target":{"@type":"EntryPoint","urlTemplate":"https:\/\/www.gamon.es\/en\/?s={search_term_string}"},"query-input":{"@type":"PropertyValueSpecification","valueRequired":true,"valueName":"search_term_string"}}],"inLanguage":"en-US"}]}},"_links":{"self":[{"href":"https:\/\/www.gamon.es\/en\/wp-json\/wp\/v2\/pages\/7","targetHints":{"allow":["GET"]}}],"collection":[{"href":"https:\/\/www.gamon.es\/en\/wp-json\/wp\/v2\/pages"}],"about":[{"href":"https:\/\/www.gamon.es\/en\/wp-json\/wp\/v2\/types\/page"}],"author":[{"embeddable":true,"href":"https:\/\/www.gamon.es\/en\/wp-json\/wp\/v2\/users\/1"}],"replies":[{"embeddable":true,"href":"https:\/\/www.gamon.es\/en\/wp-json\/wp\/v2\/comments?post=7"}],"version-history":[{"count":3,"href":"https:\/\/www.gamon.es\/en\/wp-json\/wp\/v2\/pages\/7\/revisions"}],"predecessor-version":[{"id":2039,"href":"https:\/\/www.gamon.es\/en\/wp-json\/wp\/v2\/pages\/7\/revisions\/2039"}],"wp:featuredmedia":[{"embeddable":true,"href":"https:\/\/www.gamon.es\/en\/wp-json\/wp\/v2\/media\/112"}],"wp:attachment":[{"href":"https:\/\/www.gamon.es\/en\/wp-json\/wp\/v2\/media?parent=7"}],"curies":[{"name":"wp","href":"https:\/\/api.w.org\/{rel}","templated":true}]}}