{"id":9,"date":"2016-10-07T00:41:52","date_gmt":"2016-10-06T22:41:52","guid":{"rendered":"https:\/\/www.gamon.es\/en\/?page_id=9"},"modified":"2025-07-08T09:28:42","modified_gmt":"2025-07-08T07:28:42","slug":"contact","status":"publish","type":"page","link":"https:\/\/www.gamon.es\/en\/contact\/","title":{"rendered":"Contact"},"content":{"rendered":"<div class=\"row\">\n<div class=\"col-md-4 col-md-offset-1\">\n<h2>Where we are&#8230;<\/h2>\n<p>c\/ Traginers n\u00ba1, P.I. L&#8217;Horta Vella<br \/>\n46117 B\u00e9tera (Valencia), Spain<br \/>\nPhone. +34 963 638 326<br \/>\nFax +34 963 643 399<br \/>\ne-mail: <a href=\"mailto:plasticos@gamon.es\">plasticos@gamon.es<\/a><\/p>\n<\/div>\n<div class=\"col-md-6\">\n<h2>Send us a message&#8230;<\/h2>\n\n<div class=\"wpcf7 no-js\" id=\"wpcf7-f119-o1\" lang=\"es-ES\" dir=\"ltr\" data-wpcf7-id=\"119\">\n<div class=\"screen-reader-response\"><p role=\"status\" aria-live=\"polite\" aria-atomic=\"true\"><\/p> <ul><\/ul><\/div>\n<form action=\"\/en\/wp-json\/wp\/v2\/pages\/9#wpcf7-f119-o1\" method=\"post\" class=\"wpcf7-form init wpcf7-acceptance-as-validation\" aria-label=\"Formulario de contacto\" novalidate=\"novalidate\" data-status=\"init\">\n<fieldset class=\"hidden-fields-container\"><input type=\"hidden\" name=\"_wpcf7\" value=\"119\" \/><input type=\"hidden\" name=\"_wpcf7_version\" value=\"6.1.5\" \/><input type=\"hidden\" name=\"_wpcf7_locale\" value=\"es_ES\" \/><input type=\"hidden\" name=\"_wpcf7_unit_tag\" value=\"wpcf7-f119-o1\" \/><input type=\"hidden\" name=\"_wpcf7_container_post\" value=\"0\" \/><input type=\"hidden\" name=\"_wpcf7_posted_data_hash\" value=\"\" \/><input type=\"hidden\" name=\"_wpcf7_recaptcha_response\" value=\"\" \/>\n<\/fieldset>\n<div class=\"form-group\">\n\t<p><label class=\"sr-only\" for=\"nombre\">name *<\/label><span class=\"wpcf7-form-control-wrap\" data-name=\"nombre\"><input size=\"40\" maxlength=\"400\" class=\"wpcf7-form-control wpcf7-text wpcf7-validates-as-required form-control input-lg\" id=\"nombre\" aria-required=\"true\" aria-invalid=\"false\" placeholder=\"name *\" value=\"\" type=\"text\" name=\"nombre\" \/><\/span>\n\t<\/p>\n<\/div>\n<div class=\"form-group\">\n\t<p><label class=\"sr-only\" for=\"apellidos\">surname *<\/label><span class=\"wpcf7-form-control-wrap\" data-name=\"apellidos\"><input size=\"40\" maxlength=\"400\" class=\"wpcf7-form-control wpcf7-text wpcf7-validates-as-required form-control input-lg\" id=\"apellidos\" aria-required=\"true\" aria-invalid=\"false\" placeholder=\"surname *\" value=\"\" type=\"text\" name=\"apellidos\" \/><\/span>\n\t<\/p>\n<\/div>\n<div class=\"form-group\">\n\t<p><label class=\"sr-only\" for=\"email\">e-mail *<\/label><span class=\"wpcf7-form-control-wrap\" data-name=\"email\"><input size=\"40\" maxlength=\"400\" class=\"wpcf7-form-control wpcf7-email wpcf7-validates-as-required wpcf7-text wpcf7-validates-as-email form-control input-lg\" id=\"email\" aria-required=\"true\" aria-invalid=\"false\" placeholder=\"e-mail\" value=\"\" type=\"email\" name=\"email\" \/><\/span>\n\t<\/p>\n<\/div>\n<div class=\"form-group\">\n\t<p><label class=\"sr-only\" for=\"telefono\">phone *<\/label><span class=\"wpcf7-form-control-wrap\" data-name=\"telefono\"><input size=\"40\" maxlength=\"400\" class=\"wpcf7-form-control wpcf7-tel wpcf7-validates-as-required wpcf7-text wpcf7-validates-as-tel form-control input-lg\" id=\"telefono\" aria-required=\"true\" aria-invalid=\"false\" placeholder=\"phone\" value=\"\" type=\"tel\" name=\"telefono\" \/><\/span>\n\t<\/p>\n<\/div>\n<div class=\"form-group\">\n\t<p><label class=\"sr-only\" for=\"comentario\">leave a comment *<\/label><span class=\"wpcf7-form-control-wrap\" data-name=\"comentario\"><textarea cols=\"40\" rows=\"10\" maxlength=\"2000\" class=\"wpcf7-form-control wpcf7-textarea wpcf7-validates-as-required form-control input-lg\" id=\"comentario\" aria-required=\"true\" aria-invalid=\"false\" placeholder=\"leave a comment *\" name=\"comentario\"><\/textarea><\/span>\n\t<\/p>\n<\/div>\n<div class=\"row\">\n\t<div class=\"col-xs-8 small\">\n\t\t<div class=\"small\">\n\t\t\t<p>* mandatory fields\n\t\t\t<\/p>\n\t\t<\/div>\n\t\t<div class=\"small checkbox\">\n\t\t\t<p><label><span class=\"wpcf7-form-control-wrap\" data-name=\"lopd\"><span class=\"wpcf7-form-control wpcf7-acceptance\"><span class=\"wpcf7-list-item\"><input type=\"checkbox\" name=\"lopd\" value=\"1\" id=\"lopd\" aria-invalid=\"false\" \/><\/span><\/span><\/span> <strong>I ACCEPT EXPRESSLY<\/strong> the use and treatment of my data for the purposes of the company based on the clauses indicated.<\/label>\n\t\t\t<\/p>\n\t\t<\/div>\n\t<\/div>\n\t<div class=\"col-xs-4\">\n\t\t<p><input class=\"wpcf7-form-control wpcf7-submit has-spinner btn btn-lg btn-block btn-rojo\" id=\"enviar\" type=\"submit\" value=\"Send\" \/>\n\t\t<\/p>\n\t<\/div>\n<\/div><div class=\"wpcf7-response-output\" aria-hidden=\"true\"><\/div>\n<\/form>\n<\/div>\n\n<\/div>\n<\/div>\n<hr \/>\n<div class=\"embed-responsive embed-responsive-16by9\"><iframe src=\"https:\/\/www.google.com\/maps\/embed?pb=!1m18!1m12!1m3!1d1842.2405239912941!2d-0.4055011519278426!3d39.5052735055171!2m3!1f0!2f0!3f0!3m2!1i1024!2i768!4f13.1!3m3!1m2!1s0xd6045985dc1dae1%3A0xdbf0455925078645!2sPl%C3%A1sticos+Gam%C3%B3n+S.+A.!5e0!3m2!1ses!2ses!4v1477440590719\"><\/iframe><\/div>\n","protected":false},"excerpt":{"rendered":"<p>Where we are&#8230; c\/ Traginers n\u00ba1, P.I. L&#8217;Horta Vella 46117 B\u00e9tera (Valencia), Spain Phone. +34 963 638 326 Fax +34 963 643 399 e-mail: plasticos@gamon.es Send us a message&#8230;<\/p>\n","protected":false},"author":1,"featured_media":0,"parent":0,"menu_order":70,"comment_status":"closed","ping_status":"closed","template":"","meta":{"footnotes":""},"class_list":["post-9","page","type-page","status-publish","hentry"],"yoast_head":"<!-- This site is optimized with the Yoast SEO plugin v27.2 - https:\/\/yoast.com\/product\/yoast-seo-wordpress\/ -->\n<title>Contact - Gam\u00f3n<\/title>\n<meta name=\"robots\" content=\"index, follow, max-snippet:-1, max-image-preview:large, max-video-preview:-1\" \/>\n<link rel=\"canonical\" href=\"https:\/\/www.gamon.es\/en\/contact\/\" \/>\n<meta property=\"og:locale\" content=\"en_US\" \/>\n<meta property=\"og:type\" content=\"article\" \/>\n<meta property=\"og:title\" content=\"Contact - Gam\u00f3n\" \/>\n<meta property=\"og:description\" content=\"Where we are&#8230; c\/ Traginers n\u00ba1, P.I. L&#8217;Horta Vella 46117 B\u00e9tera (Valencia), Spain Phone. +34 963 638 326 Fax +34 963 643 399 e-mail: plasticos@gamon.es Send us a message&#8230;\" \/>\n<meta property=\"og:url\" content=\"https:\/\/www.gamon.es\/en\/contact\/\" \/>\n<meta property=\"og:site_name\" content=\"Gam\u00f3n\" \/>\n<meta property=\"article:modified_time\" content=\"2025-07-08T07:28:42+00:00\" \/>\n<meta name=\"twitter:card\" content=\"summary_large_image\" \/>\n<meta name=\"twitter:label1\" content=\"Est. reading time\" \/>\n\t<meta name=\"twitter:data1\" content=\"1 minute\" \/>\n<script type=\"application\/ld+json\" class=\"yoast-schema-graph\">{\"@context\":\"https:\/\/schema.org\",\"@graph\":[{\"@type\":\"WebPage\",\"@id\":\"https:\/\/www.gamon.es\/en\/contact\/\",\"url\":\"https:\/\/www.gamon.es\/en\/contact\/\",\"name\":\"Contact - Gam\u00f3n\",\"isPartOf\":{\"@id\":\"https:\/\/www.gamon.es\/en\/#website\"},\"datePublished\":\"2016-10-06T22:41:52+00:00\",\"dateModified\":\"2025-07-08T07:28:42+00:00\",\"breadcrumb\":{\"@id\":\"https:\/\/www.gamon.es\/en\/contact\/#breadcrumb\"},\"inLanguage\":\"en-US\",\"potentialAction\":[{\"@type\":\"ReadAction\",\"target\":[\"https:\/\/www.gamon.es\/en\/contact\/\"]}]},{\"@type\":\"BreadcrumbList\",\"@id\":\"https:\/\/www.gamon.es\/en\/contact\/#breadcrumb\",\"itemListElement\":[{\"@type\":\"ListItem\",\"position\":1,\"name\":\"Portada\",\"item\":\"https:\/\/www.gamon.es\/en\/\"},{\"@type\":\"ListItem\",\"position\":2,\"name\":\"Contact\"}]},{\"@type\":\"WebSite\",\"@id\":\"https:\/\/www.gamon.es\/en\/#website\",\"url\":\"https:\/\/www.gamon.es\/en\/\",\"name\":\"Gam\u00f3n\",\"description\":\"Manufacturer Pl\u00e1sticos Gam\u00f3n, products for pyrotechnics\",\"potentialAction\":[{\"@type\":\"SearchAction\",\"target\":{\"@type\":\"EntryPoint\",\"urlTemplate\":\"https:\/\/www.gamon.es\/en\/?s={search_term_string}\"},\"query-input\":{\"@type\":\"PropertyValueSpecification\",\"valueRequired\":true,\"valueName\":\"search_term_string\"}}],\"inLanguage\":\"en-US\"}]}<\/script>\n<!-- \/ Yoast SEO plugin. -->","yoast_head_json":{"title":"Contact - Gam\u00f3n","robots":{"index":"index","follow":"follow","max-snippet":"max-snippet:-1","max-image-preview":"max-image-preview:large","max-video-preview":"max-video-preview:-1"},"canonical":"https:\/\/www.gamon.es\/en\/contact\/","og_locale":"en_US","og_type":"article","og_title":"Contact - Gam\u00f3n","og_description":"Where we are&#8230; c\/ Traginers n\u00ba1, P.I. L&#8217;Horta Vella 46117 B\u00e9tera (Valencia), Spain Phone. +34 963 638 326 Fax +34 963 643 399 e-mail: plasticos@gamon.es Send us a message&#8230;","og_url":"https:\/\/www.gamon.es\/en\/contact\/","og_site_name":"Gam\u00f3n","article_modified_time":"2025-07-08T07:28:42+00:00","twitter_card":"summary_large_image","twitter_misc":{"Est. reading time":"1 minute"},"schema":{"@context":"https:\/\/schema.org","@graph":[{"@type":"WebPage","@id":"https:\/\/www.gamon.es\/en\/contact\/","url":"https:\/\/www.gamon.es\/en\/contact\/","name":"Contact - Gam\u00f3n","isPartOf":{"@id":"https:\/\/www.gamon.es\/en\/#website"},"datePublished":"2016-10-06T22:41:52+00:00","dateModified":"2025-07-08T07:28:42+00:00","breadcrumb":{"@id":"https:\/\/www.gamon.es\/en\/contact\/#breadcrumb"},"inLanguage":"en-US","potentialAction":[{"@type":"ReadAction","target":["https:\/\/www.gamon.es\/en\/contact\/"]}]},{"@type":"BreadcrumbList","@id":"https:\/\/www.gamon.es\/en\/contact\/#breadcrumb","itemListElement":[{"@type":"ListItem","position":1,"name":"Portada","item":"https:\/\/www.gamon.es\/en\/"},{"@type":"ListItem","position":2,"name":"Contact"}]},{"@type":"WebSite","@id":"https:\/\/www.gamon.es\/en\/#website","url":"https:\/\/www.gamon.es\/en\/","name":"Gam\u00f3n","description":"Manufacturer Pl\u00e1sticos Gam\u00f3n, products for pyrotechnics","potentialAction":[{"@type":"SearchAction","target":{"@type":"EntryPoint","urlTemplate":"https:\/\/www.gamon.es\/en\/?s={search_term_string}"},"query-input":{"@type":"PropertyValueSpecification","valueRequired":true,"valueName":"search_term_string"}}],"inLanguage":"en-US"}]}},"_links":{"self":[{"href":"https:\/\/www.gamon.es\/en\/wp-json\/wp\/v2\/pages\/9","targetHints":{"allow":["GET"]}}],"collection":[{"href":"https:\/\/www.gamon.es\/en\/wp-json\/wp\/v2\/pages"}],"about":[{"href":"https:\/\/www.gamon.es\/en\/wp-json\/wp\/v2\/types\/page"}],"author":[{"embeddable":true,"href":"https:\/\/www.gamon.es\/en\/wp-json\/wp\/v2\/users\/1"}],"replies":[{"embeddable":true,"href":"https:\/\/www.gamon.es\/en\/wp-json\/wp\/v2\/comments?post=9"}],"version-history":[{"count":4,"href":"https:\/\/www.gamon.es\/en\/wp-json\/wp\/v2\/pages\/9\/revisions"}],"predecessor-version":[{"id":2093,"href":"https:\/\/www.gamon.es\/en\/wp-json\/wp\/v2\/pages\/9\/revisions\/2093"}],"wp:attachment":[{"href":"https:\/\/www.gamon.es\/en\/wp-json\/wp\/v2\/media?parent=9"}],"curies":[{"name":"wp","href":"https:\/\/api.w.org\/{rel}","templated":true}]}}